{"id":37,"date":"2017-07-31T14:07:47","date_gmt":"2017-07-31T13:07:47","guid":{"rendered":"http:\/\/patspapermodels.be\/?page_id=37"},"modified":"2023-01-09T17:12:37","modified_gmt":"2023-01-09T16:12:37","slug":"ma-collection-de-templates","status":"publish","type":"page","link":"https:\/\/patspapermodels.be\/en\/ma-collection-de-templates\/","title":{"rendered":"&#8212; My favorite places on the net &#8212;"},"content":{"rendered":"<p>Views: 3270<\/p><p>To return to <a href=\"http:\/\/www.patspapermodels.be\/wp-content\/uploads\/2017\/08\/france-flag-waving-animated-gif-9.gif\" class=\"gallery_colorbox\" rel=\"lightbox-1\"><img loading=\"lazy\" decoding=\"async\" class=\"alignnone wp-image-669 colorbox-37\" src=\"http:\/\/www.patspapermodels.be\/wp-content\/uploads\/2017\/08\/france-flag-waving-animated-gif-9-300x188.gif\"  alt=\"\" width=\"121\" height=\"76\" \/><\/a><\/p>\n<p>go to <strong>menu<\/strong> and select &#8220;<strong>Fran\u00e7ais<\/strong>&#8221;<\/p>\n<p>&nbsp;<\/p>\n<h3 id=\"tw-target-text\" class=\"tw-data-text tw-text-large tw-ta\" dir=\"ltr\" style=\"text-align: center;\" data-placeholder=\"Traduction\"><span class=\"Y2IQFc\" lang=\"en\">Visit the sites that gave me the passion!<\/span><span lang=\"en\"> &#8230;<\/span><\/h3>\n<p>&nbsp;<\/p>\n<p>&nbsp;<\/p>\n<p>&nbsp;<\/p>\n<p>&nbsp;<\/p>\n<figure id=\"attachment_1273\" aria-describedby=\"caption-attachment-1273\" style=\"width: 550px\" class=\"wp-caption aligncenter\"><a href=\"https:\/\/www.patspapermodels.be\/uhu02-way-nifty-com-x-wing\/\"><img loading=\"lazy\" decoding=\"async\" class=\"wp-image-1273 colorbox-37\" src=\"https:\/\/www.patspapermodels.be\/wp-content\/uploads\/2022\/12\/uhu02.way-nifty.com-X-Wing-300x167.jpg\" alt=\"Paper model; Papercraft; Maquette en papier; Maquette en carton; comment faire; how to; diy; star wars; Les plus belles maquettes en papier; real size; Pagode en papier; Temple Japonais; Star Wars; Tie Fighter\" width=\"550\" height=\"306\" srcset=\"https:\/\/patspapermodels.be\/wp-content\/uploads\/2022\/12\/uhu02.way-nifty.com-X-Wing-300x167.jpg 300w, https:\/\/patspapermodels.be\/wp-content\/uploads\/2022\/12\/uhu02.way-nifty.com-X-Wing-768x427.jpg 768w, https:\/\/patspapermodels.be\/wp-content\/uploads\/2022\/12\/uhu02.way-nifty.com-X-Wing-370x206.jpg 370w, https:\/\/patspapermodels.be\/wp-content\/uploads\/2022\/12\/uhu02.way-nifty.com-X-Wing.jpg 1000w\" sizes=\"auto, (max-width: 550px) 100vw, 550px\" \/><\/a><figcaption id=\"caption-attachment-1273\" class=\"wp-caption-text\"><span class=\"Y2IQFc\" lang=\"en\">Beautiful models to make&#8230; with beautiful files : <a href=\"http:\/\/uhu02.way-nifty.com\">uhu02.way.nifty.com<\/a><\/span><\/figcaption><\/figure>\n<p>&nbsp;<\/p>\n<figure id=\"attachment_1272\" aria-describedby=\"caption-attachment-1272\" style=\"width: 550px\" class=\"wp-caption aligncenter\"><a href=\"https:\/\/www.patspapermodels.be\/pepakura-eu\/\"><img loading=\"lazy\" decoding=\"async\" class=\"wp-image-1272 colorbox-37\" src=\"https:\/\/www.patspapermodels.be\/wp-content\/uploads\/2022\/12\/Pepakura.eu_-300x160.png\" alt=\"Paper model; Papercraft; Maquette en papier; Maquette en carton; comment faire; how to; diy; star wars; Les plus belles maquettes en papier; real size; Pagode en papier; Temple Japonais; Star Wars; Tie Fighter\" width=\"550\" height=\"294\" srcset=\"https:\/\/patspapermodels.be\/wp-content\/uploads\/2022\/12\/Pepakura.eu_-300x160.png 300w, https:\/\/patspapermodels.be\/wp-content\/uploads\/2022\/12\/Pepakura.eu_-1024x548.png 1024w, https:\/\/patspapermodels.be\/wp-content\/uploads\/2022\/12\/Pepakura.eu_-768x411.png 768w, https:\/\/patspapermodels.be\/wp-content\/uploads\/2022\/12\/Pepakura.eu_-1536x821.png 1536w, https:\/\/patspapermodels.be\/wp-content\/uploads\/2022\/12\/Pepakura.eu_-370x198.png 370w, https:\/\/patspapermodels.be\/wp-content\/uploads\/2022\/12\/Pepakura.eu_-1040x556.png 1040w, https:\/\/patspapermodels.be\/wp-content\/uploads\/2022\/12\/Pepakura.eu_.png 1902w\" sizes=\"auto, (max-width: 550px) 100vw, 550px\" \/><\/a><figcaption id=\"caption-attachment-1272\" class=\"wp-caption-text\"><span class=\"Y2IQFc\" lang=\"en\">The Pepakura website&#8230; Very useful in the world of paper models : <a href=\"https:\/\/pepakura.eu\/\">Pepakura.eu &#8211; The world of papercraft!<\/a><\/span><\/figcaption><\/figure>\n<p>&nbsp;<\/p>\n<p>&nbsp;<\/p>\n<figure id=\"attachment_1271\" aria-describedby=\"caption-attachment-1271\" style=\"width: 550px\" class=\"wp-caption aligncenter\"><a href=\"https:\/\/www.patspapermodels.be\/papermau-banner\/\"><img loading=\"lazy\" decoding=\"async\" class=\"wp-image-1271 colorbox-37\" src=\"https:\/\/www.patspapermodels.be\/wp-content\/uploads\/2022\/12\/papermau-banner-300x71.jpg\" alt=\"Paper model; Papercraft; Maquette en papier; Maquette en carton; comment faire; how to; diy; star wars; Les plus belles maquettes en papier; real size; Pagode en papier; Temple Japonais; Star Wars; Tie Fighter\" width=\"550\" height=\"131\" srcset=\"https:\/\/patspapermodels.be\/wp-content\/uploads\/2022\/12\/papermau-banner-300x71.jpg 300w, https:\/\/patspapermodels.be\/wp-content\/uploads\/2022\/12\/papermau-banner-1024x243.jpg 1024w, https:\/\/patspapermodels.be\/wp-content\/uploads\/2022\/12\/papermau-banner-768x182.jpg 768w, https:\/\/patspapermodels.be\/wp-content\/uploads\/2022\/12\/papermau-banner-370x88.jpg 370w, https:\/\/patspapermodels.be\/wp-content\/uploads\/2022\/12\/papermau-banner-1040x247.jpg 1040w, https:\/\/patspapermodels.be\/wp-content\/uploads\/2022\/12\/papermau-banner.jpg 1309w\" sizes=\"auto, (max-width: 550px) 100vw, 550px\" \/><\/a><figcaption id=\"caption-attachment-1271\" class=\"wp-caption-text\"><span class=\"Y2IQFc\" lang=\"en\">A file source<\/span>, Waouw&#8230;! : <a href=\"https:\/\/papermau.blogspot.com\/\">PAPERMAU<\/a><\/figcaption><\/figure>\n<p>&nbsp;<\/p>\n<p>&nbsp;<\/p>\n<figure id=\"attachment_1270\" aria-describedby=\"caption-attachment-1270\" style=\"width: 550px\" class=\"wp-caption aligncenter\"><a href=\"https:\/\/www.patspapermodels.be\/noturnosukhoi-blogspot-com\/\"><img loading=\"lazy\" decoding=\"async\" class=\"wp-image-1270 colorbox-37\" src=\"https:\/\/www.patspapermodels.be\/wp-content\/uploads\/2022\/12\/noturnosukhoi.blogspot.com_-225x300.jpg\" alt=\"Paper model; Papercraft; Maquette en papier; Maquette en carton; comment faire; how to; diy; star wars; Les plus belles maquettes en papier; real size; Pagode en papier; Temple Japonais; Star Wars; Tie Fighter\" width=\"550\" height=\"733\" srcset=\"https:\/\/patspapermodels.be\/wp-content\/uploads\/2022\/12\/noturnosukhoi.blogspot.com_-225x300.jpg 225w, https:\/\/patspapermodels.be\/wp-content\/uploads\/2022\/12\/noturnosukhoi.blogspot.com_-370x493.jpg 370w, https:\/\/patspapermodels.be\/wp-content\/uploads\/2022\/12\/noturnosukhoi.blogspot.com_.jpg 666w\" sizes=\"auto, (max-width: 550px) 100vw, 550px\" \/><\/a><figcaption id=\"caption-attachment-1270\" class=\"wp-caption-text\"><span class=\"Y2IQFc\" lang=\"en\">Essential if you are interested in the Star Wars universe&#8230; : <a href=\"https:\/\/noturnosukhoi.blogspot.com\">noturnosukhoi.blogspot.com<\/a><\/span><\/figcaption><\/figure>\n<p>&nbsp;<\/p>\n<p>&nbsp;<\/p>\n<p>&nbsp;<\/p>\n<figure id=\"attachment_1269\" aria-describedby=\"caption-attachment-1269\" style=\"width: 550px\" class=\"wp-caption aligncenter\"><a href=\"https:\/\/www.patspapermodels.be\/etsi-com\/\"><img loading=\"lazy\" decoding=\"async\" class=\"wp-image-1269 colorbox-37\" src=\"https:\/\/www.patspapermodels.be\/wp-content\/uploads\/2022\/12\/Etsi.com_-300x300.webp\" alt=\"Paper model; Papercraft; Maquette en papier; Maquette en carton; comment faire; how to; diy; star wars; Les plus belles maquettes en papier; real size; Pagode en papier; Temple Japonais; Star Wars; Tie Fighter\" width=\"550\" height=\"550\" srcset=\"https:\/\/patspapermodels.be\/wp-content\/uploads\/2022\/12\/Etsi.com_-300x300.webp 300w, https:\/\/patspapermodels.be\/wp-content\/uploads\/2022\/12\/Etsi.com_-150x150.webp 150w, https:\/\/patspapermodels.be\/wp-content\/uploads\/2022\/12\/Etsi.com_-768x768.webp 768w, https:\/\/patspapermodels.be\/wp-content\/uploads\/2022\/12\/Etsi.com_-370x370.webp 370w, https:\/\/patspapermodels.be\/wp-content\/uploads\/2022\/12\/Etsi.com_.webp 794w\" sizes=\"auto, (max-width: 550px) 100vw, 550px\" \/><\/a><figcaption id=\"caption-attachment-1269\" class=\"wp-caption-text\"><span class=\"Y2IQFc\" lang=\"en\">Paid files but superb&#8230; : <a href=\"https:\/\/www.etsy.com\/market\/paper_model\">Paper model &#8211; Etsy Belgique<\/a><\/span><\/figcaption><\/figure>\n<p>&nbsp;<\/p>\n<p>&nbsp;<\/p>\n<p><a href=\"https:\/\/www.patspapermodels.be\/cgtrader-com\/\"><img loading=\"lazy\" decoding=\"async\" class=\"aligncenter wp-image-1268 colorbox-37\" src=\"https:\/\/www.patspapermodels.be\/wp-content\/uploads\/2022\/12\/cgtrader.com_-300x300.jpg\" alt=\"Paper model; Papercraft; Maquette en papier; Maquette en carton; comment faire; how to; diy; star wars; Les plus belles maquettes en papier; real size; Pagode en papier; Temple Japonais; Star Wars; Tie Fighter\" width=\"550\" height=\"550\" srcset=\"https:\/\/patspapermodels.be\/wp-content\/uploads\/2022\/12\/cgtrader.com_-300x300.jpg 300w, https:\/\/patspapermodels.be\/wp-content\/uploads\/2022\/12\/cgtrader.com_-1024x1024.jpg 1024w, https:\/\/patspapermodels.be\/wp-content\/uploads\/2022\/12\/cgtrader.com_-150x150.jpg 150w, https:\/\/patspapermodels.be\/wp-content\/uploads\/2022\/12\/cgtrader.com_-768x768.jpg 768w, https:\/\/patspapermodels.be\/wp-content\/uploads\/2022\/12\/cgtrader.com_-1536x1536.jpg 1536w, https:\/\/patspapermodels.be\/wp-content\/uploads\/2022\/12\/cgtrader.com_-370x370.jpg 370w, https:\/\/patspapermodels.be\/wp-content\/uploads\/2022\/12\/cgtrader.com_-1040x1040.jpg 1040w, https:\/\/patspapermodels.be\/wp-content\/uploads\/2022\/12\/cgtrader.com_.jpg 2000w\" sizes=\"auto, (max-width: 550px) 100vw, 550px\" \/><\/a><\/p>\n<h4 id=\"tw-target-text\" class=\"tw-data-text tw-text-large tw-ta\" dir=\"ltr\" style=\"text-align: center;\" data-placeholder=\"Traduction\"><span class=\"Y2IQFc\" lang=\"en\">If you want to impress with decoration&#8230; :\u00a0<a href=\"https:\/\/www.cgtrader.com\">https:\/\/www.cgtrader.com<\/a><\/span><\/h4>\n<p>&nbsp;<\/p>\n<p>&nbsp;<\/p>\n<p>&nbsp;<\/p>\n<p><figure id=\"attachment_1267\" aria-describedby=\"caption-attachment-1267\" style=\"width: 650px\" class=\"wp-caption aligncenter\"><a href=\"https:\/\/www.patspapermodels.be\/axm-paper-space-scale-models\/\"><img loading=\"lazy\" decoding=\"async\" class=\"wp-image-1267 colorbox-37\" src=\"https:\/\/www.patspapermodels.be\/wp-content\/uploads\/2022\/12\/AXM-Paper-Space-Scale-Models-1024x366.jpg\" alt=\"Paper model; Papercraft; Maquette en papier; Maquette en carton; comment faire; how to; diy; star wars; Les plus belles maquettes en papier; real size; Pagode en papier; Temple Japonais; Star Wars; Tie Fighter\" width=\"650\" height=\"232\" srcset=\"https:\/\/patspapermodels.be\/wp-content\/uploads\/2022\/12\/AXM-Paper-Space-Scale-Models-1024x366.jpg 1024w, https:\/\/patspapermodels.be\/wp-content\/uploads\/2022\/12\/AXM-Paper-Space-Scale-Models-300x107.jpg 300w, https:\/\/patspapermodels.be\/wp-content\/uploads\/2022\/12\/AXM-Paper-Space-Scale-Models-768x274.jpg 768w, https:\/\/patspapermodels.be\/wp-content\/uploads\/2022\/12\/AXM-Paper-Space-Scale-Models-370x132.jpg 370w, https:\/\/patspapermodels.be\/wp-content\/uploads\/2022\/12\/AXM-Paper-Space-Scale-Models-1040x371.jpg 1040w, https:\/\/patspapermodels.be\/wp-content\/uploads\/2022\/12\/AXM-Paper-Space-Scale-Models.jpg 1400w\" sizes=\"auto, (max-width: 650px) 100vw, 650px\" \/><\/a><figcaption id=\"caption-attachment-1267\" class=\"wp-caption-text\"><span class=\"Y2IQFc\" lang=\"en\">For space, you have to go see this one&#8230; <a href=\"https:\/\/axmpaperspacescalemodels.com\">axmpaperspacescalemodels.com<\/a><\/span><\/figcaption><\/figure><\/p>","protected":false},"excerpt":{"rendered":"<p>Views: 3270To return to go to menu and select &#8220;Fran\u00e7ais&#8221; &nbsp; Visit the sites that gave me the passion! &#8230; &nbsp; &nbsp; &nbsp; &nbsp; &nbsp; &nbsp; &nbsp; &nbsp; &nbsp; &nbsp; &nbsp; &nbsp; &nbsp; &nbsp; If[&#8230;]<\/p>\n","protected":false},"author":9,"featured_media":0,"parent":0,"menu_order":9,"comment_status":"closed","ping_status":"closed","template":"","meta":{"footnotes":""},"class_list":["post-37","page","type-page","status-publish","hentry"],"yoast_head":"<!-- This site is optimized with the Yoast SEO plugin v24.7 - https:\/\/yoast.com\/wordpress\/plugins\/seo\/ -->\n<title>- My favorite places on the net - Maquette en papier - Paper Model - Papercraft<\/title>\n<meta name=\"robots\" content=\"index, follow, max-snippet:-1, max-image-preview:large, max-video-preview:-1\" \/>\n<link rel=\"canonical\" href=\"https:\/\/www.patspapermodels.be\/ma-collection-de-templates\/\" \/>\n<meta property=\"og:locale\" content=\"en_US\" \/>\n<meta property=\"og:type\" content=\"article\" \/>\n<meta property=\"og:title\" content=\"- My favorite places on the net - Maquette en papier - Paper Model - Papercraft\" \/>\n<meta property=\"og:description\" content=\"Views: 3270To return to go to menu and select &#8220;Fran\u00e7ais&#8221; &nbsp; Visit the sites that gave me the passion! &#8230; &nbsp; &nbsp; &nbsp; &nbsp; &nbsp; &nbsp; &nbsp; &nbsp; &nbsp; &nbsp; &nbsp; &nbsp; &nbsp; &nbsp; If[...]\" \/>\n<meta property=\"og:url\" content=\"https:\/\/www.patspapermodels.be\/ma-collection-de-templates\/\" \/>\n<meta property=\"og:site_name\" content=\"Maquette en papier - Paper Model - Papercraft\" \/>\n<meta property=\"article:modified_time\" content=\"2023-01-09T16:12:37+00:00\" \/>\n<meta property=\"og:image\" content=\"http:\/\/www.patspapermodels.be\/wp-content\/uploads\/2017\/08\/uk-british-flag-waving-animated-gif-4-300x188.gif\" \/>\n<meta name=\"twitter:card\" content=\"summary_large_image\" \/>\n<meta name=\"twitter:label1\" content=\"Est. reading time\" \/>\n\t<meta name=\"twitter:data1\" content=\"3 minutes\" \/>\n<script type=\"application\/ld+json\" class=\"yoast-schema-graph\">{\"@context\":\"https:\/\/schema.org\",\"@graph\":[{\"@type\":\"WebPage\",\"@id\":\"https:\/\/www.patspapermodels.be\/ma-collection-de-templates\/\",\"url\":\"https:\/\/www.patspapermodels.be\/ma-collection-de-templates\/\",\"name\":\"- My favorite places on the net - Maquette en papier - Paper Model - Papercraft\",\"isPartOf\":{\"@id\":\"https:\/\/patspapermodels.be\/#website\"},\"primaryImageOfPage\":{\"@id\":\"https:\/\/www.patspapermodels.be\/ma-collection-de-templates\/#primaryimage\"},\"image\":{\"@id\":\"https:\/\/www.patspapermodels.be\/ma-collection-de-templates\/#primaryimage\"},\"thumbnailUrl\":\"http:\/\/www.patspapermodels.be\/wp-content\/uploads\/2017\/08\/uk-british-flag-waving-animated-gif-4-300x188.gif\",\"datePublished\":\"2017-07-31T13:07:47+00:00\",\"dateModified\":\"2023-01-09T16:12:37+00:00\",\"breadcrumb\":{\"@id\":\"https:\/\/www.patspapermodels.be\/ma-collection-de-templates\/#breadcrumb\"},\"inLanguage\":\"en-US\",\"potentialAction\":[{\"@type\":\"ReadAction\",\"target\":[\"https:\/\/www.patspapermodels.be\/ma-collection-de-templates\/\"]}]},{\"@type\":\"ImageObject\",\"inLanguage\":\"en-US\",\"@id\":\"https:\/\/www.patspapermodels.be\/ma-collection-de-templates\/#primaryimage\",\"url\":\"http:\/\/www.patspapermodels.be\/wp-content\/uploads\/2017\/08\/uk-british-flag-waving-animated-gif-4-300x188.gif\",\"contentUrl\":\"http:\/\/www.patspapermodels.be\/wp-content\/uploads\/2017\/08\/uk-british-flag-waving-animated-gif-4-300x188.gif\"},{\"@type\":\"BreadcrumbList\",\"@id\":\"https:\/\/www.patspapermodels.be\/ma-collection-de-templates\/#breadcrumb\",\"itemListElement\":[{\"@type\":\"ListItem\",\"position\":1,\"name\":\"Home\",\"item\":\"https:\/\/patspapermodels.be\/\"},{\"@type\":\"ListItem\",\"position\":2,\"name\":\"&#8212; Mes adresses pr\u00e9f\u00e9r\u00e9es &#8212;\"}]},{\"@type\":\"WebSite\",\"@id\":\"https:\/\/patspapermodels.be\/#website\",\"url\":\"https:\/\/patspapermodels.be\/\",\"name\":\"Maquette en papier - Paper Model - Papercraft\",\"description\":\"Think Paper Model... And more becomes possible\",\"publisher\":{\"@id\":\"https:\/\/patspapermodels.be\/#\/schema\/person\/8c6873df1db47cc155392592dd00ba43\"},\"potentialAction\":[{\"@type\":\"SearchAction\",\"target\":{\"@type\":\"EntryPoint\",\"urlTemplate\":\"https:\/\/patspapermodels.be\/?s={search_term_string}\"},\"query-input\":{\"@type\":\"PropertyValueSpecification\",\"valueRequired\":true,\"valueName\":\"search_term_string\"}}],\"inLanguage\":\"en-US\"},{\"@type\":[\"Person\",\"Organization\"],\"@id\":\"https:\/\/patspapermodels.be\/#\/schema\/person\/8c6873df1db47cc155392592dd00ba43\",\"name\":\"pcasier6\",\"image\":{\"@type\":\"ImageObject\",\"inLanguage\":\"en-US\",\"@id\":\"https:\/\/patspapermodels.be\/#\/schema\/person\/image\/\",\"url\":\"https:\/\/patspapermodels.be\/wp-content\/uploads\/2017\/07\/Patrick-Casier-Patspapermodels.png\",\"contentUrl\":\"https:\/\/patspapermodels.be\/wp-content\/uploads\/2017\/07\/Patrick-Casier-Patspapermodels.png\",\"width\":1313,\"height\":423,\"caption\":\"pcasier6\"},\"logo\":{\"@id\":\"https:\/\/patspapermodels.be\/#\/schema\/person\/image\/\"}}]}<\/script>\n<!-- \/ Yoast SEO plugin. -->","yoast_head_json":{"title":"- My favorite places on the net - Maquette en papier - Paper Model - Papercraft","robots":{"index":"index","follow":"follow","max-snippet":"max-snippet:-1","max-image-preview":"max-image-preview:large","max-video-preview":"max-video-preview:-1"},"canonical":"https:\/\/www.patspapermodels.be\/ma-collection-de-templates\/","og_locale":"en_US","og_type":"article","og_title":"- My favorite places on the net - Maquette en papier - Paper Model - Papercraft","og_description":"Views: 3270To return to go to menu and select &#8220;Fran\u00e7ais&#8221; &nbsp; Visit the sites that gave me the passion! &#8230; &nbsp; &nbsp; &nbsp; &nbsp; &nbsp; &nbsp; &nbsp; &nbsp; &nbsp; &nbsp; &nbsp; &nbsp; &nbsp; &nbsp; If[...]","og_url":"https:\/\/www.patspapermodels.be\/ma-collection-de-templates\/","og_site_name":"Maquette en papier - Paper Model - Papercraft","article_modified_time":"2023-01-09T16:12:37+00:00","og_image":[{"url":"http:\/\/www.patspapermodels.be\/wp-content\/uploads\/2017\/08\/uk-british-flag-waving-animated-gif-4-300x188.gif","type":"","width":"","height":""}],"twitter_card":"summary_large_image","twitter_misc":{"Est. reading time":"3 minutes"},"schema":{"@context":"https:\/\/schema.org","@graph":[{"@type":"WebPage","@id":"https:\/\/www.patspapermodels.be\/ma-collection-de-templates\/","url":"https:\/\/www.patspapermodels.be\/ma-collection-de-templates\/","name":"- My favorite places on the net - Maquette en papier - Paper Model - Papercraft","isPartOf":{"@id":"https:\/\/patspapermodels.be\/#website"},"primaryImageOfPage":{"@id":"https:\/\/www.patspapermodels.be\/ma-collection-de-templates\/#primaryimage"},"image":{"@id":"https:\/\/www.patspapermodels.be\/ma-collection-de-templates\/#primaryimage"},"thumbnailUrl":"http:\/\/www.patspapermodels.be\/wp-content\/uploads\/2017\/08\/uk-british-flag-waving-animated-gif-4-300x188.gif","datePublished":"2017-07-31T13:07:47+00:00","dateModified":"2023-01-09T16:12:37+00:00","breadcrumb":{"@id":"https:\/\/www.patspapermodels.be\/ma-collection-de-templates\/#breadcrumb"},"inLanguage":"en-US","potentialAction":[{"@type":"ReadAction","target":["https:\/\/www.patspapermodels.be\/ma-collection-de-templates\/"]}]},{"@type":"ImageObject","inLanguage":"en-US","@id":"https:\/\/www.patspapermodels.be\/ma-collection-de-templates\/#primaryimage","url":"http:\/\/www.patspapermodels.be\/wp-content\/uploads\/2017\/08\/uk-british-flag-waving-animated-gif-4-300x188.gif","contentUrl":"http:\/\/www.patspapermodels.be\/wp-content\/uploads\/2017\/08\/uk-british-flag-waving-animated-gif-4-300x188.gif"},{"@type":"BreadcrumbList","@id":"https:\/\/www.patspapermodels.be\/ma-collection-de-templates\/#breadcrumb","itemListElement":[{"@type":"ListItem","position":1,"name":"Home","item":"https:\/\/patspapermodels.be\/"},{"@type":"ListItem","position":2,"name":"&#8212; Mes adresses pr\u00e9f\u00e9r\u00e9es &#8212;"}]},{"@type":"WebSite","@id":"https:\/\/patspapermodels.be\/#website","url":"https:\/\/patspapermodels.be\/","name":"Maquette en papier - Paper Model - Papercraft","description":"Think Paper Model... And more becomes possible","publisher":{"@id":"https:\/\/patspapermodels.be\/#\/schema\/person\/8c6873df1db47cc155392592dd00ba43"},"potentialAction":[{"@type":"SearchAction","target":{"@type":"EntryPoint","urlTemplate":"https:\/\/patspapermodels.be\/?s={search_term_string}"},"query-input":{"@type":"PropertyValueSpecification","valueRequired":true,"valueName":"search_term_string"}}],"inLanguage":"en-US"},{"@type":["Person","Organization"],"@id":"https:\/\/patspapermodels.be\/#\/schema\/person\/8c6873df1db47cc155392592dd00ba43","name":"pcasier6","image":{"@type":"ImageObject","inLanguage":"en-US","@id":"https:\/\/patspapermodels.be\/#\/schema\/person\/image\/","url":"https:\/\/patspapermodels.be\/wp-content\/uploads\/2017\/07\/Patrick-Casier-Patspapermodels.png","contentUrl":"https:\/\/patspapermodels.be\/wp-content\/uploads\/2017\/07\/Patrick-Casier-Patspapermodels.png","width":1313,"height":423,"caption":"pcasier6"},"logo":{"@id":"https:\/\/patspapermodels.be\/#\/schema\/person\/image\/"}}]}},"_links":{"self":[{"href":"https:\/\/patspapermodels.be\/en\/wp-json\/wp\/v2\/pages\/37","targetHints":{"allow":["GET"]}}],"collection":[{"href":"https:\/\/patspapermodels.be\/en\/wp-json\/wp\/v2\/pages"}],"about":[{"href":"https:\/\/patspapermodels.be\/en\/wp-json\/wp\/v2\/types\/page"}],"author":[{"embeddable":true,"href":"https:\/\/patspapermodels.be\/en\/wp-json\/wp\/v2\/users\/9"}],"replies":[{"embeddable":true,"href":"https:\/\/patspapermodels.be\/en\/wp-json\/wp\/v2\/comments?post=37"}],"version-history":[{"count":30,"href":"https:\/\/patspapermodels.be\/en\/wp-json\/wp\/v2\/pages\/37\/revisions"}],"predecessor-version":[{"id":1504,"href":"https:\/\/patspapermodels.be\/en\/wp-json\/wp\/v2\/pages\/37\/revisions\/1504"}],"wp:attachment":[{"href":"https:\/\/patspapermodels.be\/en\/wp-json\/wp\/v2\/media?parent=37"}],"curies":[{"name":"wp","href":"https:\/\/api.w.org\/{rel}","templated":true}]}}