{"id":363,"date":"2017-08-08T17:59:20","date_gmt":"2017-08-08T16:59:20","guid":{"rendered":"http:\/\/www.patspapermodels.be\/?page_id=363"},"modified":"2022-12-27T22:01:44","modified_gmt":"2022-12-27T21:01:44","slug":"ou-trouver-et-comment-realiser-des-modeles","status":"publish","type":"page","link":"https:\/\/patspapermodels.be\/en\/ou-trouver-et-comment-realiser-des-modeles\/","title":{"rendered":"&#8212; Where to find and how to create models &#8212;"},"content":{"rendered":"<p>Views: 4338<\/p><p>To return to <a href=\"http:\/\/www.patspapermodels.be\/wp-content\/uploads\/2017\/08\/france-flag-waving-animated-gif-9.gif\" class=\"gallery_colorbox\" rel=\"lightbox-2\"><img loading=\"lazy\" decoding=\"async\" class=\"alignnone wp-image-669 colorbox-363\" src=\"http:\/\/www.patspapermodels.be\/wp-content\/uploads\/2017\/08\/france-flag-waving-animated-gif-9-300x188.gif\"  alt=\"\" width=\"121\" height=\"76\" \/><\/a><\/p>\n<p>go to <strong>menu<\/strong> and select &#8220;<strong>Fran\u00e7ais<\/strong>&#8221;<\/p>\n<p><a href=\"http:\/\/www.patspapermodels.be\/wp-content\/uploads\/2017\/07\/en-chantier.jpg\" class=\"gallery_colorbox\" rel=\"lightbox-1\"><img loading=\"lazy\" decoding=\"async\" class=\"size-full wp-image-287 aligncenter colorbox-363\" src=\"http:\/\/www.patspapermodels.be\/wp-content\/uploads\/2017\/07\/en-chantier.jpg\"  alt=\"\" width=\"300\" height=\"300\" srcset=\"https:\/\/patspapermodels.be\/wp-content\/uploads\/2017\/07\/en-chantier.jpg 300w, https:\/\/patspapermodels.be\/wp-content\/uploads\/2017\/07\/en-chantier-150x150.jpg 150w\" sizes=\"auto, (max-width: 300px) 100vw, 300px\" \/><\/a><\/p>\n<h3 style=\"text-align: center;\"><span lang=\"en\">Sorry, this page is coming soon &#8230;<\/span><\/h3>\n<p>&nbsp;<\/p>","protected":false},"excerpt":{"rendered":"<p>Views: 4338To return to go to menu and select &#8220;Fran\u00e7ais&#8221; Sorry, this page is coming soon &#8230; &nbsp;<\/p>\n","protected":false},"author":9,"featured_media":0,"parent":0,"menu_order":8,"comment_status":"closed","ping_status":"closed","template":"","meta":{"footnotes":""},"class_list":["post-363","page","type-page","status-publish","hentry"],"yoast_head":"<!-- This site is optimized with the Yoast SEO plugin v24.7 - https:\/\/yoast.com\/wordpress\/plugins\/seo\/ -->\n<title>- Where to find and how to create models - Maquette en papier - Paper Model - Papercraft<\/title>\n<meta name=\"robots\" content=\"index, follow, max-snippet:-1, max-image-preview:large, max-video-preview:-1\" \/>\n<link rel=\"canonical\" href=\"https:\/\/www.patspapermodels.be\/ou-trouver-et-comment-realiser-des-modeles\/\" \/>\n<meta property=\"og:locale\" content=\"en_US\" \/>\n<meta property=\"og:type\" content=\"article\" \/>\n<meta property=\"og:title\" content=\"- Where to find and how to create models - Maquette en papier - Paper Model - Papercraft\" \/>\n<meta property=\"og:description\" content=\"Views: 4338To return to go to menu and select &#8220;Fran\u00e7ais&#8221; Sorry, this page is coming soon &#8230; &nbsp;\" \/>\n<meta property=\"og:url\" content=\"https:\/\/www.patspapermodels.be\/ou-trouver-et-comment-realiser-des-modeles\/\" \/>\n<meta property=\"og:site_name\" content=\"Maquette en papier - Paper Model - Papercraft\" \/>\n<meta property=\"article:modified_time\" content=\"2022-12-27T21:01:44+00:00\" \/>\n<meta property=\"og:image\" content=\"http:\/\/www.patspapermodels.be\/wp-content\/uploads\/2017\/08\/uk-british-flag-waving-animated-gif-4-300x188.gif\" \/>\n<meta name=\"twitter:card\" content=\"summary_large_image\" \/>\n<script type=\"application\/ld+json\" class=\"yoast-schema-graph\">{\"@context\":\"https:\/\/schema.org\",\"@graph\":[{\"@type\":\"WebPage\",\"@id\":\"https:\/\/www.patspapermodels.be\/ou-trouver-et-comment-realiser-des-modeles\/\",\"url\":\"https:\/\/www.patspapermodels.be\/ou-trouver-et-comment-realiser-des-modeles\/\",\"name\":\"- Where to find and how to create models - Maquette en papier - Paper Model - Papercraft\",\"isPartOf\":{\"@id\":\"https:\/\/patspapermodels.be\/#website\"},\"primaryImageOfPage\":{\"@id\":\"https:\/\/www.patspapermodels.be\/ou-trouver-et-comment-realiser-des-modeles\/#primaryimage\"},\"image\":{\"@id\":\"https:\/\/www.patspapermodels.be\/ou-trouver-et-comment-realiser-des-modeles\/#primaryimage\"},\"thumbnailUrl\":\"http:\/\/www.patspapermodels.be\/wp-content\/uploads\/2017\/08\/uk-british-flag-waving-animated-gif-4-300x188.gif\",\"datePublished\":\"2017-08-08T16:59:20+00:00\",\"dateModified\":\"2022-12-27T21:01:44+00:00\",\"breadcrumb\":{\"@id\":\"https:\/\/www.patspapermodels.be\/ou-trouver-et-comment-realiser-des-modeles\/#breadcrumb\"},\"inLanguage\":\"en-US\",\"potentialAction\":[{\"@type\":\"ReadAction\",\"target\":[\"https:\/\/www.patspapermodels.be\/ou-trouver-et-comment-realiser-des-modeles\/\"]}]},{\"@type\":\"ImageObject\",\"inLanguage\":\"en-US\",\"@id\":\"https:\/\/www.patspapermodels.be\/ou-trouver-et-comment-realiser-des-modeles\/#primaryimage\",\"url\":\"http:\/\/www.patspapermodels.be\/wp-content\/uploads\/2017\/08\/uk-british-flag-waving-animated-gif-4-300x188.gif\",\"contentUrl\":\"http:\/\/www.patspapermodels.be\/wp-content\/uploads\/2017\/08\/uk-british-flag-waving-animated-gif-4-300x188.gif\"},{\"@type\":\"BreadcrumbList\",\"@id\":\"https:\/\/www.patspapermodels.be\/ou-trouver-et-comment-realiser-des-modeles\/#breadcrumb\",\"itemListElement\":[{\"@type\":\"ListItem\",\"position\":1,\"name\":\"Home\",\"item\":\"https:\/\/patspapermodels.be\/\"},{\"@type\":\"ListItem\",\"position\":2,\"name\":\"&#8212; O\u00f9 trouver et comment r\u00e9aliser des mod\u00e8les? &#8212;\"}]},{\"@type\":\"WebSite\",\"@id\":\"https:\/\/patspapermodels.be\/#website\",\"url\":\"https:\/\/patspapermodels.be\/\",\"name\":\"Maquette en papier - Paper Model - Papercraft\",\"description\":\"Think Paper Model... And more becomes possible\",\"publisher\":{\"@id\":\"https:\/\/patspapermodels.be\/#\/schema\/person\/8c6873df1db47cc155392592dd00ba43\"},\"potentialAction\":[{\"@type\":\"SearchAction\",\"target\":{\"@type\":\"EntryPoint\",\"urlTemplate\":\"https:\/\/patspapermodels.be\/?s={search_term_string}\"},\"query-input\":{\"@type\":\"PropertyValueSpecification\",\"valueRequired\":true,\"valueName\":\"search_term_string\"}}],\"inLanguage\":\"en-US\"},{\"@type\":[\"Person\",\"Organization\"],\"@id\":\"https:\/\/patspapermodels.be\/#\/schema\/person\/8c6873df1db47cc155392592dd00ba43\",\"name\":\"pcasier6\",\"image\":{\"@type\":\"ImageObject\",\"inLanguage\":\"en-US\",\"@id\":\"https:\/\/patspapermodels.be\/#\/schema\/person\/image\/\",\"url\":\"https:\/\/patspapermodels.be\/wp-content\/uploads\/2017\/07\/Patrick-Casier-Patspapermodels.png\",\"contentUrl\":\"https:\/\/patspapermodels.be\/wp-content\/uploads\/2017\/07\/Patrick-Casier-Patspapermodels.png\",\"width\":1313,\"height\":423,\"caption\":\"pcasier6\"},\"logo\":{\"@id\":\"https:\/\/patspapermodels.be\/#\/schema\/person\/image\/\"}}]}<\/script>\n<!-- \/ Yoast SEO plugin. -->","yoast_head_json":{"title":"- Where to find and how to create models - Maquette en papier - Paper Model - Papercraft","robots":{"index":"index","follow":"follow","max-snippet":"max-snippet:-1","max-image-preview":"max-image-preview:large","max-video-preview":"max-video-preview:-1"},"canonical":"https:\/\/www.patspapermodels.be\/ou-trouver-et-comment-realiser-des-modeles\/","og_locale":"en_US","og_type":"article","og_title":"- Where to find and how to create models - Maquette en papier - Paper Model - Papercraft","og_description":"Views: 4338To return to go to menu and select &#8220;Fran\u00e7ais&#8221; Sorry, this page is coming soon &#8230; &nbsp;","og_url":"https:\/\/www.patspapermodels.be\/ou-trouver-et-comment-realiser-des-modeles\/","og_site_name":"Maquette en papier - Paper Model - Papercraft","article_modified_time":"2022-12-27T21:01:44+00:00","og_image":[{"url":"http:\/\/www.patspapermodels.be\/wp-content\/uploads\/2017\/08\/uk-british-flag-waving-animated-gif-4-300x188.gif","type":"","width":"","height":""}],"twitter_card":"summary_large_image","schema":{"@context":"https:\/\/schema.org","@graph":[{"@type":"WebPage","@id":"https:\/\/www.patspapermodels.be\/ou-trouver-et-comment-realiser-des-modeles\/","url":"https:\/\/www.patspapermodels.be\/ou-trouver-et-comment-realiser-des-modeles\/","name":"- Where to find and how to create models - Maquette en papier - Paper Model - Papercraft","isPartOf":{"@id":"https:\/\/patspapermodels.be\/#website"},"primaryImageOfPage":{"@id":"https:\/\/www.patspapermodels.be\/ou-trouver-et-comment-realiser-des-modeles\/#primaryimage"},"image":{"@id":"https:\/\/www.patspapermodels.be\/ou-trouver-et-comment-realiser-des-modeles\/#primaryimage"},"thumbnailUrl":"http:\/\/www.patspapermodels.be\/wp-content\/uploads\/2017\/08\/uk-british-flag-waving-animated-gif-4-300x188.gif","datePublished":"2017-08-08T16:59:20+00:00","dateModified":"2022-12-27T21:01:44+00:00","breadcrumb":{"@id":"https:\/\/www.patspapermodels.be\/ou-trouver-et-comment-realiser-des-modeles\/#breadcrumb"},"inLanguage":"en-US","potentialAction":[{"@type":"ReadAction","target":["https:\/\/www.patspapermodels.be\/ou-trouver-et-comment-realiser-des-modeles\/"]}]},{"@type":"ImageObject","inLanguage":"en-US","@id":"https:\/\/www.patspapermodels.be\/ou-trouver-et-comment-realiser-des-modeles\/#primaryimage","url":"http:\/\/www.patspapermodels.be\/wp-content\/uploads\/2017\/08\/uk-british-flag-waving-animated-gif-4-300x188.gif","contentUrl":"http:\/\/www.patspapermodels.be\/wp-content\/uploads\/2017\/08\/uk-british-flag-waving-animated-gif-4-300x188.gif"},{"@type":"BreadcrumbList","@id":"https:\/\/www.patspapermodels.be\/ou-trouver-et-comment-realiser-des-modeles\/#breadcrumb","itemListElement":[{"@type":"ListItem","position":1,"name":"Home","item":"https:\/\/patspapermodels.be\/"},{"@type":"ListItem","position":2,"name":"&#8212; O\u00f9 trouver et comment r\u00e9aliser des mod\u00e8les? &#8212;"}]},{"@type":"WebSite","@id":"https:\/\/patspapermodels.be\/#website","url":"https:\/\/patspapermodels.be\/","name":"Maquette en papier - Paper Model - Papercraft","description":"Think Paper Model... And more becomes possible","publisher":{"@id":"https:\/\/patspapermodels.be\/#\/schema\/person\/8c6873df1db47cc155392592dd00ba43"},"potentialAction":[{"@type":"SearchAction","target":{"@type":"EntryPoint","urlTemplate":"https:\/\/patspapermodels.be\/?s={search_term_string}"},"query-input":{"@type":"PropertyValueSpecification","valueRequired":true,"valueName":"search_term_string"}}],"inLanguage":"en-US"},{"@type":["Person","Organization"],"@id":"https:\/\/patspapermodels.be\/#\/schema\/person\/8c6873df1db47cc155392592dd00ba43","name":"pcasier6","image":{"@type":"ImageObject","inLanguage":"en-US","@id":"https:\/\/patspapermodels.be\/#\/schema\/person\/image\/","url":"https:\/\/patspapermodels.be\/wp-content\/uploads\/2017\/07\/Patrick-Casier-Patspapermodels.png","contentUrl":"https:\/\/patspapermodels.be\/wp-content\/uploads\/2017\/07\/Patrick-Casier-Patspapermodels.png","width":1313,"height":423,"caption":"pcasier6"},"logo":{"@id":"https:\/\/patspapermodels.be\/#\/schema\/person\/image\/"}}]}},"_links":{"self":[{"href":"https:\/\/patspapermodels.be\/en\/wp-json\/wp\/v2\/pages\/363","targetHints":{"allow":["GET"]}}],"collection":[{"href":"https:\/\/patspapermodels.be\/en\/wp-json\/wp\/v2\/pages"}],"about":[{"href":"https:\/\/patspapermodels.be\/en\/wp-json\/wp\/v2\/types\/page"}],"author":[{"embeddable":true,"href":"https:\/\/patspapermodels.be\/en\/wp-json\/wp\/v2\/users\/9"}],"replies":[{"embeddable":true,"href":"https:\/\/patspapermodels.be\/en\/wp-json\/wp\/v2\/comments?post=363"}],"version-history":[{"count":8,"href":"https:\/\/patspapermodels.be\/en\/wp-json\/wp\/v2\/pages\/363\/revisions"}],"predecessor-version":[{"id":712,"href":"https:\/\/patspapermodels.be\/en\/wp-json\/wp\/v2\/pages\/363\/revisions\/712"}],"wp:attachment":[{"href":"https:\/\/patspapermodels.be\/en\/wp-json\/wp\/v2\/media?parent=363"}],"curies":[{"name":"wp","href":"https:\/\/api.w.org\/{rel}","templated":true}]}}